{"id":477,"date":"2025-02-04T17:18:13","date_gmt":"2025-02-04T17:18:13","guid":{"rendered":"https:\/\/medleyrp.com.br\/?page_id=477"},"modified":"2025-03-26T16:01:02","modified_gmt":"2025-03-26T16:01:02","slug":"curso-de-ferias-medley","status":"publish","type":"page","link":"https:\/\/medleyrp.com.br\/index.php\/curso-de-ferias-medley\/","title":{"rendered":"curso de ferias-medley"},"content":{"rendered":"\t\t<div data-elementor-type=\"wp-page\" data-elementor-id=\"477\" class=\"elementor elementor-477\">\n\t\t\t\t<div class=\"elementor-element elementor-element-863ee73 e-con-full e-flex e-con e-parent\" data-id=\"863ee73\" data-element_type=\"container\" data-e-type=\"container\">\n\t\t\t\t<div class=\"elementor-element elementor-element-73a9a48 elementor-widget__width-inherit elementor-widget elementor-widget-prime-slider-general\" data-id=\"73a9a48\" data-element_type=\"widget\" data-e-type=\"widget\" data-widget_type=\"prime-slider-general.crelly\">\n\t\t\t\t<div class=\"elementor-widget-container\">\n\t\t\t\t\t\t\t<div class=\"bdt-prime-slider\">\n\t\t\t<div class=\"bdt-prime-slider-skin-crelly\">\n\t\t\t\t<div class=\"bdt-position-relative bdt-visible-toggle\" bdt-slideshow=\"{&quot;animation&quot;:&quot;fade&quot;,&quot;ratio&quot;:&quot;16:9&quot;,&quot;min-height&quot;:480,&quot;autoplay&quot;:true,&quot;autoplay-interval&quot;:7000,&quot;pause-on-hover&quot;:false,&quot;draggable&quot;:true,&quot;velocity&quot;:1,&quot;finite&quot;:false}\" data-settings=\"{&quot;id&quot;:&quot;#bdt-73a9a48&quot;,&quot;animation_status&quot;:&quot;no&quot;}\" id=\"bdt-73a9a48\">\n\t\t\t\t\t<ul class=\"bdt-slideshow-items\">\n\t\t\t\t\t\t                    \n            <li class=\"bdt-slideshow-item bdt-flex bdt-flex-middle bdt-flex-center elementor-repeater-item-8de3d30\">\n                \n                                            \n\t\t<div class=\"bdt-ps-slide-img\" style=\"background-image: url('https:\/\/medleyrp.com.br\/wp-content\/uploads\/2025\/02\/cursoferias.png')\"><\/div>\n\n\t\t                    \n                \n                \n                \n        <div class=\"bdt-prime-slider-wrapper\">\n            <div class=\"bdt-prime-slider-content\">\n\n                <div class=\"bdt-prime-slider-desc\">\n\n                    \n                                            <div class=\"bdt-main-title bdt-text-left\"  data-bdt-slideshow-parallax=\"x: 500,0,-100; opacity: 1,1,0\" data-reveal=\"reveal-active\">\n                            <h1 class=\"bdt-title-tag\">\n                                                                    F\u00e9rias na medley                                                            <\/h1>\n                        <\/div>\n                                        \n                <\/div>\n                            \n            <\/div>\n                    <\/div>\n                    <\/li>\n\n                \n            <\/ul>\n                \n                \n            \n                        \n            \n                <ul class=\"bdt-slideshow-nav bdt-dotnav bdt-dotnav-vertical bdt-position-center-left reveal-muted\"><\/ul>\n\n            \n        \n                <\/div>\n                \n                \n\t\t<div class=\"bdt-prime-slider-social-icon reveal-muted bdt-flex bdt-flex-middle bdt-margin-large-bottom bdt-position-bottom-right\">\n\n\t\t\t\t\t\t\t\t\t\t\n\t\t\t                <a class=\"bdt-social-animate\" href=\"https:\/\/www.facebook.com\/medley.ehidro\/\" data-bdt-tooltip=\"title: Facebook; pos: top\">\n                    <svg aria-hidden=\"true\" class=\"fa-fw e-font-icon-svg e-fab-facebook-f\" viewBox=\"0 0 320 512\" xmlns=\"http:\/\/www.w3.org\/2000\/svg\"><path d=\"M279.14 288l14.22-92.66h-88.91v-60.13c0-25.35 12.42-50.06 52.24-50.06h40.42V6.26S260.43 0 225.36 0c-73.22 0-121.08 44.38-121.08 124.72v70.62H22.89V288h81.39v224h100.17V288z\"><\/path><\/svg>                <\/a>\n                            <a class=\"bdt-social-animate\" href=\"https:\/\/www.instagram.com\/medleysports\/\" data-bdt-tooltip=\"title: Instagram; pos: top\">\n                    <svg aria-hidden=\"true\" class=\"fa-fw e-font-icon-svg e-fab-instagram\" viewBox=\"0 0 448 512\" xmlns=\"http:\/\/www.w3.org\/2000\/svg\"><path d=\"M224.1 141c-63.6 0-114.9 51.3-114.9 114.9s51.3 114.9 114.9 114.9S339 319.5 339 255.9 287.7 141 224.1 141zm0 189.6c-41.1 0-74.7-33.5-74.7-74.7s33.5-74.7 74.7-74.7 74.7 33.5 74.7 74.7-33.6 74.7-74.7 74.7zm146.4-194.3c0 14.9-12 26.8-26.8 26.8-14.9 0-26.8-12-26.8-26.8s12-26.8 26.8-26.8 26.8 12 26.8 26.8zm76.1 27.2c-1.7-35.9-9.9-67.7-36.2-93.9-26.2-26.2-58-34.4-93.9-36.2-37-2.1-147.9-2.1-184.9 0-35.8 1.7-67.6 9.9-93.9 36.1s-34.4 58-36.2 93.9c-2.1 37-2.1 147.9 0 184.9 1.7 35.9 9.9 67.7 36.2 93.9s58 34.4 93.9 36.2c37 2.1 147.9 2.1 184.9 0 35.9-1.7 67.7-9.9 93.9-36.2 26.2-26.2 34.4-58 36.2-93.9 2.1-37 2.1-147.8 0-184.8zM398.8 388c-7.8 19.6-22.9 34.7-42.6 42.6-29.5 11.7-99.5 9-132.1 9s-102.7 2.6-132.1-9c-19.6-7.8-34.7-22.9-42.6-42.6-11.7-29.5-9-99.5-9-132.1s-2.6-102.7 9-132.1c7.8-19.6 22.9-34.7 42.6-42.6 29.5-11.7 99.5-9 132.1-9s102.7-2.6 132.1 9c19.6 7.8 34.7 22.9 42.6 42.6 11.7 29.5 9 99.5 9 132.1s2.7 102.7-9 132.1z\"><\/path><\/svg>                <\/a>\n                            <a class=\"bdt-social-animate\" href=\"https:\/\/www.youtube.com\/channel\/UCLmWcIBj7nXydLeltIrg5ow\" data-bdt-tooltip=\"title: Youtube; pos: top\">\n                    <svg aria-hidden=\"true\" class=\"fa-fw e-font-icon-svg e-fab-facebook-f\" viewBox=\"0 0 320 512\" xmlns=\"http:\/\/www.w3.org\/2000\/svg\"><path d=\"M279.14 288l14.22-92.66h-88.91v-60.13c0-25.35 12.42-50.06 52.24-50.06h40.42V6.26S260.43 0 225.36 0c-73.22 0-121.08 44.38-121.08 124.72v70.62H22.89V288h81.39v224h100.17V288z\"><\/path><\/svg>                <\/a>\n            \t\t<\/div>\n\n\t\t            <\/div>\n        <\/div>\n        \t\t\t\t<\/div>\n\t\t\t\t<\/div>\n\t\t\t\t<\/div>\n\t\t<div class=\"elementor-element elementor-element-a73a2fc e-flex e-con-boxed e-con e-parent\" data-id=\"a73a2fc\" data-element_type=\"container\" data-e-type=\"container\" data-settings=\"{&quot;background_background&quot;:&quot;classic&quot;}\">\n\t\t\t\t\t<div class=\"e-con-inner\">\n\t\t<div class=\"elementor-element elementor-element-bfbd831 e-con-full e-flex e-con e-child\" data-id=\"bfbd831\" data-element_type=\"container\" data-e-type=\"container\">\n\t\t\t\t<div class=\"elementor-element elementor-element-19c8e10 elementor-widget elementor-widget-spacer\" data-id=\"19c8e10\" data-element_type=\"widget\" data-e-type=\"widget\" data-widget_type=\"spacer.default\">\n\t\t\t\t<div class=\"elementor-widget-container\">\n\t\t\t\t\t\t\t<div class=\"elementor-spacer\">\n\t\t\t<div class=\"elementor-spacer-inner\"><\/div>\n\t\t<\/div>\n\t\t\t\t\t\t<\/div>\n\t\t\t\t<\/div>\n\t\t\t\t<div class=\"elementor-element elementor-element-44baafb elementor-widget elementor-widget-heading\" data-id=\"44baafb\" data-element_type=\"widget\" data-e-type=\"widget\" data-widget_type=\"heading.default\">\n\t\t\t\t<div class=\"elementor-widget-container\">\n\t\t\t\t\t<h2 class=\"elementor-heading-title elementor-size-default\">Curso de F\u00e9rias Medley Sports<\/h2>\t\t\t\t<\/div>\n\t\t\t\t<\/div>\n\t\t<div class=\"elementor-element elementor-element-f586e28 e-con-full e-flex e-con e-child\" data-id=\"f586e28\" data-element_type=\"container\" data-e-type=\"container\">\n\t\t\t\t<div class=\"elementor-element elementor-element-6968512 elementor-widget elementor-widget-text-editor\" data-id=\"6968512\" data-element_type=\"widget\" data-e-type=\"widget\" data-widget_type=\"text-editor.default\">\n\t\t\t\t<div class=\"elementor-widget-container\">\n\t\t\t\t\t\t\t\t\t<div class=\"page\" title=\"Page 4\"><div class=\"layoutArea\"><div class=\"column\"><p>Atividade Fi\u0301sica com Flexibilidade e Diversa\u0303o! Quer viver e proporcionar uma experie\u0302ncia incri\u0301vel para sua fami\u0301lia? Conhec\u0327a O Curso de Fe\u0301rias da Medley Sports, feito para voce\u0302 aprender, aprimorar, curtir e se divertir com um banho de energia e bem-estar!<\/p><\/div><\/div><\/div><p>\ud83d\udc49\u00a0 SEM PLANO: <strong>Voc\u00ea s\u00f3 paga pelas aulas que fizer<\/strong><br \/>\ud83d\udc49\u00a0 SEM TAXA: <strong>\u00a0Taxa zero de matr\u00edcula<\/strong><br \/>\ud83d\udc49\u00a0 SEM FIDELIDADE: <strong>Acesso flex\u00edvel personalizado<\/strong><\/p><h5><strong>Para todas as idades e objetivos!<\/strong><\/h5><div class=\"page\" title=\"Page 4\"><div class=\"layoutArea\"><div class=\"column\"><p>Va\u0301lido para peri\u0301odos de fe\u0301rias. Julho, Dezembro e Janeiro.<\/p><\/div><\/div><\/div>\t\t\t\t\t\t\t\t<\/div>\n\t\t\t\t<\/div>\n\t\t\t\t<\/div>\n\t\t\t\t<\/div>\n\t\t<div class=\"elementor-element elementor-element-6f68276 e-con-full e-flex e-con e-child\" data-id=\"6f68276\" data-element_type=\"container\" data-e-type=\"container\">\n\t\t\t\t<div class=\"elementor-element elementor-element-0dcbcfe elementor-widget elementor-widget-image\" data-id=\"0dcbcfe\" data-element_type=\"widget\" data-e-type=\"widget\" data-widget_type=\"image.default\">\n\t\t\t\t<div class=\"elementor-widget-container\">\n\t\t\t\t\t\t\t\t\t\t\t\t\t\t\t<img decoding=\"async\" width=\"227\" height=\"99\" src=\"https:\/\/medleyrp.com.br\/wp-content\/uploads\/2025\/02\/logo_site.png\" class=\"attachment-full size-full wp-image-86\" alt=\"\" \/>\t\t\t\t\t\t\t\t\t\t\t\t\t\t\t<\/div>\n\t\t\t\t<\/div>\n\t\t\t\t<div class=\"elementor-element elementor-element-b822e92 elementor-widget elementor-widget-text-editor\" data-id=\"b822e92\" data-element_type=\"widget\" data-e-type=\"widget\" data-widget_type=\"text-editor.default\">\n\t\t\t\t<div class=\"elementor-widget-container\">\n\t\t\t\t\t\t\t\t\t<p>Nosso curso \u00e9 perfeito para <strong>crian\u00e7as, adultos e at\u00e9 beb\u00eas<\/strong>, com modalidades que atendem diferentes perfis:<br \/>\ud83c\udfca <strong>Nata\u00e7\u00e3o Infantil e para Beb\u00eas<\/strong> \u2013 Seguran\u00e7a e divers\u00e3o na \u00e1gua desde cedo!<br \/>\ud83c\udfca\u200d\u2642\ufe0f <strong>Nata\u00e7\u00e3o Adulto<\/strong> \u2013 Aprendizado, condicionamento e supera\u00e7\u00e3o.<br \/>\ud83e\udd30 <strong>Hidro para Gestantes<\/strong> \u2013 Sa\u00fade e bem-estar para mam\u00e3es e beb\u00eas.<br \/>\ud83d\udca6 <strong>Hidrogin\u00e1stica e Hidropower<\/strong> \u2013 Exerc\u00edcios din\u00e2micos para condicionamento f\u00edsico e queima cal\u00f3rica.<br \/>\ud83e\uddd8 <strong>Pilates<\/strong> \u2013 For\u00e7a, equil\u00edbrio e qualidade de vida.<\/p>\t\t\t\t\t\t\t\t<\/div>\n\t\t\t\t<\/div>\n\t\t\t\t<\/div>\n\t\t\t\t\t<\/div>\n\t\t\t\t<\/div>\n\t\t\t\t<\/div>\n\t\t","protected":false},"excerpt":{"rendered":"<p>F\u00e9rias na medley Curso de F\u00e9rias Medley Sports Atividade Fi\u0301sica com Flexibilidade e Diversa\u0303o! Quer viver e proporcionar uma experie\u0302ncia incri\u0301vel para sua fami\u0301lia? Conhec\u0327a O Curso de Fe\u0301rias da Medley Sports, feito para voce\u0302 aprender, aprimorar, curtir e se divertir com um banho de energia e bem-estar! \ud83d\udc49\u00a0 SEM PLANO: Voc\u00ea s\u00f3 paga pelas [&hellip;]<\/p>\n","protected":false},"author":1,"featured_media":0,"parent":0,"menu_order":0,"comment_status":"closed","ping_status":"closed","template":"elementor_header_footer","meta":{"footnotes":""},"class_list":["post-477","page","type-page","status-publish","hentry"],"_links":{"self":[{"href":"https:\/\/medleyrp.com.br\/index.php\/wp-json\/wp\/v2\/pages\/477","targetHints":{"allow":["GET"]}}],"collection":[{"href":"https:\/\/medleyrp.com.br\/index.php\/wp-json\/wp\/v2\/pages"}],"about":[{"href":"https:\/\/medleyrp.com.br\/index.php\/wp-json\/wp\/v2\/types\/page"}],"author":[{"embeddable":true,"href":"https:\/\/medleyrp.com.br\/index.php\/wp-json\/wp\/v2\/users\/1"}],"replies":[{"embeddable":true,"href":"https:\/\/medleyrp.com.br\/index.php\/wp-json\/wp\/v2\/comments?post=477"}],"version-history":[{"count":0,"href":"https:\/\/medleyrp.com.br\/index.php\/wp-json\/wp\/v2\/pages\/477\/revisions"}],"wp:attachment":[{"href":"https:\/\/medleyrp.com.br\/index.php\/wp-json\/wp\/v2\/media?parent=477"}],"curies":[{"name":"wp","href":"https:\/\/api.w.org\/{rel}","templated":true}]}}