{"id":455,"date":"2025-02-04T16:56:08","date_gmt":"2025-02-04T16:56:08","guid":{"rendered":"https:\/\/medleyrp.com.br\/?page_id=455"},"modified":"2025-03-25T15:05:17","modified_gmt":"2025-03-25T15:05:17","slug":"hidroginastica","status":"publish","type":"page","link":"https:\/\/medleyrp.com.br\/index.php\/hidroginastica\/","title":{"rendered":"hidroginastica"},"content":{"rendered":"\t\t<div data-elementor-type=\"wp-page\" data-elementor-id=\"455\" class=\"elementor elementor-455\">\n\t\t\t\t<div class=\"elementor-element elementor-element-863ee73 e-con-full e-flex e-con e-parent\" data-id=\"863ee73\" data-element_type=\"container\" data-e-type=\"container\">\n\t\t\t\t<div class=\"elementor-element elementor-element-73a9a48 elementor-widget__width-inherit elementor-widget elementor-widget-prime-slider-general\" data-id=\"73a9a48\" data-element_type=\"widget\" data-e-type=\"widget\" data-widget_type=\"prime-slider-general.crelly\">\n\t\t\t\t<div class=\"elementor-widget-container\">\n\t\t\t\t\t\t\t<div class=\"bdt-prime-slider\">\n\t\t\t<div class=\"bdt-prime-slider-skin-crelly\">\n\t\t\t\t<div class=\"bdt-position-relative bdt-visible-toggle\" bdt-slideshow=\"{&quot;animation&quot;:&quot;fade&quot;,&quot;ratio&quot;:&quot;16:9&quot;,&quot;min-height&quot;:480,&quot;autoplay&quot;:true,&quot;autoplay-interval&quot;:7000,&quot;pause-on-hover&quot;:false,&quot;draggable&quot;:true,&quot;velocity&quot;:1,&quot;finite&quot;:false}\" data-settings=\"{&quot;id&quot;:&quot;#bdt-73a9a48&quot;,&quot;animation_status&quot;:&quot;no&quot;}\" id=\"bdt-73a9a48\">\n\t\t\t\t\t<ul class=\"bdt-slideshow-items\">\n\t\t\t\t\t\t                    \n            <li class=\"bdt-slideshow-item bdt-flex bdt-flex-middle bdt-flex-center elementor-repeater-item-8de3d30\">\n                \n                                            \n\t\t<div class=\"bdt-ps-slide-img\" style=\"background-image: url('https:\/\/medleyrp.com.br\/wp-content\/uploads\/2025\/02\/Hidroginastica-2.png')\"><\/div>\n\n\t\t                    \n                \n                \n                \n        <div class=\"bdt-prime-slider-wrapper\">\n            <div class=\"bdt-prime-slider-content\">\n\n                <div class=\"bdt-prime-slider-desc\">\n\n                    \n                                            <div class=\"bdt-main-title bdt-text-left\"  data-bdt-slideshow-parallax=\"x: 500,0,-100; opacity: 1,1,0\" data-reveal=\"reveal-active\">\n                            <h1 class=\"bdt-title-tag\">\n                                                                    Hidrogin\u00e1stica                                                            <\/h1>\n                        <\/div>\n                                        \n                <\/div>\n                            \n            <\/div>\n                    <\/div>\n                    <\/li>\n\n                \n            <\/ul>\n                \n                \n            \n                        \n            \n                <ul class=\"bdt-slideshow-nav bdt-dotnav bdt-dotnav-vertical bdt-position-center-left reveal-muted\"><\/ul>\n\n            \n        \n                <\/div>\n                \n                \n\t\t<div class=\"bdt-prime-slider-social-icon reveal-muted bdt-flex bdt-flex-middle bdt-margin-large-bottom bdt-position-bottom-right\">\n\n\t\t\t\t\t\t\t\t\t\t\n\t\t\t                <a class=\"bdt-social-animate\" href=\"https:\/\/www.facebook.com\/medley.ehidro\/\" data-bdt-tooltip=\"title: Facebook; pos: top\">\n                    <svg aria-hidden=\"true\" class=\"fa-fw e-font-icon-svg e-fab-facebook-f\" viewBox=\"0 0 320 512\" xmlns=\"http:\/\/www.w3.org\/2000\/svg\"><path d=\"M279.14 288l14.22-92.66h-88.91v-60.13c0-25.35 12.42-50.06 52.24-50.06h40.42V6.26S260.43 0 225.36 0c-73.22 0-121.08 44.38-121.08 124.72v70.62H22.89V288h81.39v224h100.17V288z\"><\/path><\/svg>                <\/a>\n                            <a class=\"bdt-social-animate\" href=\"https:\/\/www.instagram.com\/medleysports\/\" data-bdt-tooltip=\"title: Instagram; pos: top\">\n                    <svg aria-hidden=\"true\" class=\"fa-fw e-font-icon-svg e-fab-instagram\" viewBox=\"0 0 448 512\" xmlns=\"http:\/\/www.w3.org\/2000\/svg\"><path d=\"M224.1 141c-63.6 0-114.9 51.3-114.9 114.9s51.3 114.9 114.9 114.9S339 319.5 339 255.9 287.7 141 224.1 141zm0 189.6c-41.1 0-74.7-33.5-74.7-74.7s33.5-74.7 74.7-74.7 74.7 33.5 74.7 74.7-33.6 74.7-74.7 74.7zm146.4-194.3c0 14.9-12 26.8-26.8 26.8-14.9 0-26.8-12-26.8-26.8s12-26.8 26.8-26.8 26.8 12 26.8 26.8zm76.1 27.2c-1.7-35.9-9.9-67.7-36.2-93.9-26.2-26.2-58-34.4-93.9-36.2-37-2.1-147.9-2.1-184.9 0-35.8 1.7-67.6 9.9-93.9 36.1s-34.4 58-36.2 93.9c-2.1 37-2.1 147.9 0 184.9 1.7 35.9 9.9 67.7 36.2 93.9s58 34.4 93.9 36.2c37 2.1 147.9 2.1 184.9 0 35.9-1.7 67.7-9.9 93.9-36.2 26.2-26.2 34.4-58 36.2-93.9 2.1-37 2.1-147.8 0-184.8zM398.8 388c-7.8 19.6-22.9 34.7-42.6 42.6-29.5 11.7-99.5 9-132.1 9s-102.7 2.6-132.1-9c-19.6-7.8-34.7-22.9-42.6-42.6-11.7-29.5-9-99.5-9-132.1s-2.6-102.7 9-132.1c7.8-19.6 22.9-34.7 42.6-42.6 29.5-11.7 99.5-9 132.1-9s102.7-2.6 132.1 9c19.6 7.8 34.7 22.9 42.6 42.6 11.7 29.5 9 99.5 9 132.1s2.7 102.7-9 132.1z\"><\/path><\/svg>                <\/a>\n                            <a class=\"bdt-social-animate\" href=\"https:\/\/www.youtube.com\/channel\/UCLmWcIBj7nXydLeltIrg5ow\" data-bdt-tooltip=\"title: Youtube; pos: top\">\n                    <svg aria-hidden=\"true\" class=\"fa-fw e-font-icon-svg e-fab-facebook-f\" viewBox=\"0 0 320 512\" xmlns=\"http:\/\/www.w3.org\/2000\/svg\"><path d=\"M279.14 288l14.22-92.66h-88.91v-60.13c0-25.35 12.42-50.06 52.24-50.06h40.42V6.26S260.43 0 225.36 0c-73.22 0-121.08 44.38-121.08 124.72v70.62H22.89V288h81.39v224h100.17V288z\"><\/path><\/svg>                <\/a>\n            \t\t<\/div>\n\n\t\t            <\/div>\n        <\/div>\n        \t\t\t\t<\/div>\n\t\t\t\t<\/div>\n\t\t\t\t<\/div>\n\t\t<div class=\"elementor-element elementor-element-a73a2fc e-flex e-con-boxed e-con e-parent\" data-id=\"a73a2fc\" data-element_type=\"container\" data-e-type=\"container\" data-settings=\"{&quot;background_background&quot;:&quot;classic&quot;}\">\n\t\t\t\t\t<div class=\"e-con-inner\">\n\t\t<div class=\"elementor-element elementor-element-bfbd831 e-con-full e-flex e-con e-child\" data-id=\"bfbd831\" data-element_type=\"container\" data-e-type=\"container\">\n\t\t\t\t<div class=\"elementor-element elementor-element-19c8e10 elementor-widget elementor-widget-spacer\" data-id=\"19c8e10\" data-element_type=\"widget\" data-e-type=\"widget\" data-widget_type=\"spacer.default\">\n\t\t\t\t<div class=\"elementor-widget-container\">\n\t\t\t\t\t\t\t<div class=\"elementor-spacer\">\n\t\t\t<div class=\"elementor-spacer-inner\"><\/div>\n\t\t<\/div>\n\t\t\t\t\t\t<\/div>\n\t\t\t\t<\/div>\n\t\t\t\t<div class=\"elementor-element elementor-element-44baafb elementor-widget elementor-widget-heading\" data-id=\"44baafb\" data-element_type=\"widget\" data-e-type=\"widget\" data-widget_type=\"heading.default\">\n\t\t\t\t<div class=\"elementor-widget-container\">\n\t\t\t\t\t<h2 class=\"elementor-heading-title elementor-size-default\">hIDROGIn\u00e1stica<\/h2>\t\t\t\t<\/div>\n\t\t\t\t<\/div>\n\t\t<div class=\"elementor-element elementor-element-f586e28 e-con-full e-flex e-con e-child\" data-id=\"f586e28\" data-element_type=\"container\" data-e-type=\"container\">\n\t\t\t\t<div class=\"elementor-element elementor-element-6968512 elementor-widget elementor-widget-text-editor\" data-id=\"6968512\" data-element_type=\"widget\" data-e-type=\"widget\" data-widget_type=\"text-editor.default\">\n\t\t\t\t<div class=\"elementor-widget-container\">\n\t\t\t\t\t\t\t\t\t<p><strong>Hidrogin\u00e1stica na Medley Sports: Sa\u00fade, Energia e Bem-Estar<\/strong><\/p><p>A <strong>hidrogin\u00e1stica<\/strong> na <strong>Medley Sports<\/strong> \u00e9 uma atividade completa e acess\u00edvel para <strong>homens e mulheres de todas as idades<\/strong>, proporcionando um treino din\u00e2mico, seguro e de baixo impacto. Com uma equipe especializada e uma metodologia moderna, nossas aulas s\u00e3o ideais tanto para quem busca <strong>melhorar o condicionamento f\u00edsico<\/strong> quanto para quem precisa de um suporte eficiente para <strong>reabilita\u00e7\u00e3o e tratamentos f\u00edsicos.<\/strong><\/p><p>Seja para melhorar a sa\u00fade, indica\u00e7\u00e3o m\u00e9dica, reabilita\u00e7\u00e3o ou simplesmente se manter ativo, a hidrogin\u00e1stica \u00e9 a escolha ideal. <strong>Venha para a Medley Sports e descubra os benef\u00edcios dessa atividade para o seu corpo e sua mente!<\/strong><\/p>\t\t\t\t\t\t\t\t<\/div>\n\t\t\t\t<\/div>\n\t\t\t\t<\/div>\n\t\t\t\t<\/div>\n\t\t<div class=\"elementor-element elementor-element-6f68276 e-con-full e-flex e-con e-child\" data-id=\"6f68276\" data-element_type=\"container\" data-e-type=\"container\">\n\t\t\t\t<div class=\"elementor-element elementor-element-0dcbcfe elementor-widget elementor-widget-image\" data-id=\"0dcbcfe\" data-element_type=\"widget\" data-e-type=\"widget\" data-widget_type=\"image.default\">\n\t\t\t\t<div class=\"elementor-widget-container\">\n\t\t\t\t\t\t\t\t\t\t\t\t\t\t\t<img decoding=\"async\" width=\"227\" height=\"99\" src=\"https:\/\/medleyrp.com.br\/wp-content\/uploads\/2025\/02\/logo_site.png\" class=\"attachment-full size-full wp-image-86\" alt=\"\" \/>\t\t\t\t\t\t\t\t\t\t\t\t\t\t\t<\/div>\n\t\t\t\t<\/div>\n\t\t\t\t<div class=\"elementor-element elementor-element-b822e92 elementor-widget elementor-widget-text-editor\" data-id=\"b822e92\" data-element_type=\"widget\" data-e-type=\"widget\" data-widget_type=\"text-editor.default\">\n\t\t\t\t<div class=\"elementor-widget-container\">\n\t\t\t\t\t\t\t\t\t<h3><strong>Benef\u00edcios da Hidrogin\u00e1stica:<\/strong><\/h3><p>\ud83d\udca6 <strong>Baixo impacto e seguran\u00e7a<\/strong> \u2013 Exerc\u00edcios na \u00e1gua reduzem o estresse nas articula\u00e7\u00f5es, prevenindo e tratando les\u00f5es.<br \/>\ud83d\udcaa <strong>Fortalecimento muscular<\/strong> \u2013 Trabalha todos os grupos musculares, auxiliando na recupera\u00e7\u00e3o de mobilidade e equil\u00edbrio.<br \/>\ud83d\udd25 <strong>Queima cal\u00f3rica e emagrecimento<\/strong> \u2013 Um treino eficiente para quem deseja perder peso de forma saud\u00e1vel.<br \/>\u2764\ufe0f <strong>Sa\u00fade cardiovascular<\/strong> \u2013 Melhora a circula\u00e7\u00e3o sangu\u00ednea, reduzindo riscos de problemas card\u00edacos.<br \/>\ud83e\uddd8\u200d\u2640\ufe0f <strong>Reabilita\u00e7\u00e3o e recupera\u00e7\u00e3o<\/strong> \u2013 Excelente para quem passou por cirurgias ou sofre com dores cr\u00f4nicas, como artrite e artrose.<\/p>\t\t\t\t\t\t\t\t<\/div>\n\t\t\t\t<\/div>\n\t\t\t\t<div class=\"elementor-element elementor-element-0936245 elementor-widget elementor-widget-heading\" data-id=\"0936245\" data-element_type=\"widget\" data-e-type=\"widget\" data-widget_type=\"heading.default\">\n\t\t\t\t<div class=\"elementor-widget-container\">\n\t\t\t\t\t<h2 class=\"elementor-heading-title elementor-size-default\">Agende uma aula experimental e venha conhecer!<\/h2>\t\t\t\t<\/div>\n\t\t\t\t<\/div>\n\t\t\t\t<div class=\"elementor-element elementor-element-b4b7224 elementor-align-center elementor-widget elementor-widget-button\" data-id=\"b4b7224\" data-element_type=\"widget\" data-e-type=\"widget\" data-widget_type=\"button.default\">\n\t\t\t\t<div class=\"elementor-widget-container\">\n\t\t\t\t\t\t\t\t\t<div class=\"elementor-button-wrapper\">\n\t\t\t\t\t<a class=\"elementor-button elementor-button-link elementor-size-sm\" href=\"#freepass\">\n\t\t\t\t\t\t<span class=\"elementor-button-content-wrapper\">\n\t\t\t\t\t\t\t\t\t<span class=\"elementor-button-text\">AGENDAR!<\/span>\n\t\t\t\t\t<\/span>\n\t\t\t\t\t<\/a>\n\t\t\t\t<\/div>\n\t\t\t\t\t\t\t\t<\/div>\n\t\t\t\t<\/div>\n\t\t\t\t<\/div>\n\t\t\t\t\t<\/div>\n\t\t\t\t<\/div>\n\t\t<div class=\"elementor-element elementor-element-3ca1140 e-flex e-con-boxed e-con e-parent\" data-id=\"3ca1140\" data-element_type=\"container\" data-e-type=\"container\" data-settings=\"{&quot;background_background&quot;:&quot;classic&quot;}\">\n\t\t\t\t\t<div class=\"e-con-inner\">\n\t\t\t\t<div class=\"elementor-element elementor-element-a941e05 elementor-widget elementor-widget-spacer\" data-id=\"a941e05\" data-element_type=\"widget\" data-e-type=\"widget\" data-widget_type=\"spacer.default\">\n\t\t\t\t<div class=\"elementor-widget-container\">\n\t\t\t\t\t\t\t<div class=\"elementor-spacer\">\n\t\t\t<div class=\"elementor-spacer-inner\"><\/div>\n\t\t<\/div>\n\t\t\t\t\t\t<\/div>\n\t\t\t\t<\/div>\n\t\t\t\t<div class=\"elementor-element elementor-element-b8e3dd7 elementor-widget elementor-widget-heading\" data-id=\"b8e3dd7\" data-element_type=\"widget\" data-e-type=\"widget\" data-widget_type=\"heading.default\">\n\t\t\t\t<div class=\"elementor-widget-container\">\n\t\t\t\t\t<h2 class=\"elementor-heading-title elementor-size-default\"><h2 class=\"elementor-heading-title elementor-size-default elementor-inline-editing pen\" data-elementor-setting-key=\"title\" data-pen-placeholder=\"Digite aqui...\"><span style=\"color: #3D3D3D\">Programas <\/span> Especiais<\/h2><\/h2>\t\t\t\t<\/div>\n\t\t\t\t<\/div>\n\t\t\t\t<div class=\"elementor-element elementor-element-04ed286 elementor-widget elementor-widget-spacer\" data-id=\"04ed286\" data-element_type=\"widget\" data-e-type=\"widget\" data-widget_type=\"spacer.default\">\n\t\t\t\t<div class=\"elementor-widget-container\">\n\t\t\t\t\t\t\t<div class=\"elementor-spacer\">\n\t\t\t<div class=\"elementor-spacer-inner\"><\/div>\n\t\t<\/div>\n\t\t\t\t\t\t<\/div>\n\t\t\t\t<\/div>\n\t\t\t\t\t<\/div>\n\t\t\t\t<\/div>\n\t\t<div class=\"elementor-element elementor-element-d6fc42a e-flex e-con-boxed e-con e-parent\" data-id=\"d6fc42a\" data-element_type=\"container\" data-e-type=\"container\">\n\t\t\t\t\t<div class=\"e-con-inner\">\n\t\t<div class=\"elementor-element elementor-element-da4f631 e-con-full e-flex e-con e-child\" data-id=\"da4f631\" data-element_type=\"container\" data-e-type=\"container\">\n\t\t\t\t<div class=\"elementor-element elementor-element-c76311c elementor-widget elementor-widget-heading\" data-id=\"c76311c\" data-element_type=\"widget\" data-e-type=\"widget\" data-widget_type=\"heading.default\">\n\t\t\t\t<div class=\"elementor-widget-container\">\n\t\t\t\t\t<h2 class=\"elementor-heading-title elementor-size-default\">Hidrogin\u00e1stica para gestantes<\/h2>\t\t\t\t<\/div>\n\t\t\t\t<\/div>\n\t\t\t\t<div class=\"elementor-element elementor-element-5547fc8 elementor-widget elementor-widget-heading\" data-id=\"5547fc8\" data-element_type=\"widget\" data-e-type=\"widget\" data-widget_type=\"heading.default\">\n\t\t\t\t<div class=\"elementor-widget-container\">\n\t\t\t\t\t<h2 class=\"elementor-heading-title elementor-size-default\">Modalidade exclusiva da Medley Sports<\/h2>\t\t\t\t<\/div>\n\t\t\t\t<\/div>\n\t\t\t\t<div class=\"elementor-element elementor-element-0d3f2fb elementor-widget elementor-widget-text-editor\" data-id=\"0d3f2fb\" data-element_type=\"widget\" data-e-type=\"widget\" data-widget_type=\"text-editor.default\">\n\t\t\t\t<div class=\"elementor-widget-container\">\n\t\t\t\t\t\t\t\t\t<div class=\"page\" title=\"Page 4\"><div class=\"layoutArea\"><div class=\"column\"><p><strong>Sau\u0301de e Bem-Estar para Voce\u0302 e seu Bebe\u0302.<\/strong><\/p><p>A hidrogina\u0301stica para gestantes na Medley Sports e\u0301 <strong>a escolha perfeita para as futuras mama\u0303es<\/strong> que desejam manter a sau\u0301de e o bem-estar durante a gestac\u0327a\u0303o. Com exerci\u0301cios seguros e adaptados para cada fase da gravidez, nossas aulas proporcionam inu\u0301meros <strong>benefi\u0301cios para a ma\u0303e e o bebe\u0302<\/strong>, sempre <strong>com acompanhamento de profissionais especializados.<\/strong><\/p><\/div><\/div><\/div>\t\t\t\t\t\t\t\t<\/div>\n\t\t\t\t<\/div>\n\t\t\t\t<\/div>\n\t\t<div class=\"elementor-element elementor-element-10329b6 e-con-full e-flex e-con e-child\" data-id=\"10329b6\" data-element_type=\"container\" data-e-type=\"container\">\n\t\t\t\t<div class=\"elementor-element elementor-element-a22a8b5 elementor-widget elementor-widget-heading\" data-id=\"a22a8b5\" data-element_type=\"widget\" data-e-type=\"widget\" data-widget_type=\"heading.default\">\n\t\t\t\t<div class=\"elementor-widget-container\">\n\t\t\t\t\t<h2 class=\"elementor-heading-title elementor-size-default\">hidropower<\/h2>\t\t\t\t<\/div>\n\t\t\t\t<\/div>\n\t\t\t\t<div class=\"elementor-element elementor-element-092412a elementor-widget elementor-widget-heading\" data-id=\"092412a\" data-element_type=\"widget\" data-e-type=\"widget\" data-widget_type=\"heading.default\">\n\t\t\t\t<div class=\"elementor-widget-container\">\n\t\t\t\t\t<h2 class=\"elementor-heading-title elementor-size-default\">Modalidade exclusiva da Medley Sports<\/h2>\t\t\t\t<\/div>\n\t\t\t\t<\/div>\n\t\t\t\t<div class=\"elementor-element elementor-element-231142f elementor-widget elementor-widget-text-editor\" data-id=\"231142f\" data-element_type=\"widget\" data-e-type=\"widget\" data-widget_type=\"text-editor.default\">\n\t\t\t\t<div class=\"elementor-widget-container\">\n\t\t\t\t\t\t\t\t\t<p><strong>Hidropower na Medley Sports: Energia, Resist\u00eancia e Resultados!<\/strong><\/p><p>A <strong>Hidropower<\/strong> da <strong>Medley Sports<\/strong> \u00e9 uma aula din\u00e2mica e intensa, perfeita para quem busca um treino desafiador e cheio de energia! Combinando movimentos aer\u00f3bicos, resist\u00eancia e for\u00e7a, essa modalidade proporciona uma <strong>queima cal\u00f3rica eficiente<\/strong>, melhora o <strong>condicionamento f\u00edsico<\/strong> e promove mais <strong>sa\u00fade e bem-estar<\/strong>.<\/p>\t\t\t\t\t\t\t\t<\/div>\n\t\t\t\t<\/div>\n\t\t\t\t<\/div>\n\t\t\t\t\t<\/div>\n\t\t\t\t<\/div>\n\t\t<div class=\"elementor-element elementor-element-85651a5 e-flex e-con-boxed e-con e-parent\" data-id=\"85651a5\" data-element_type=\"container\" data-e-type=\"container\" data-settings=\"{&quot;background_background&quot;:&quot;classic&quot;}\">\n\t\t\t\t\t<div class=\"e-con-inner\">\n\t\t\t\t<div class=\"elementor-element elementor-element-8fba373 elementor-widget elementor-widget-spacer\" data-id=\"8fba373\" data-element_type=\"widget\" data-e-type=\"widget\" data-widget_type=\"spacer.default\">\n\t\t\t\t<div class=\"elementor-widget-container\">\n\t\t\t\t\t\t\t<div class=\"elementor-spacer\">\n\t\t\t<div class=\"elementor-spacer-inner\"><\/div>\n\t\t<\/div>\n\t\t\t\t\t\t<\/div>\n\t\t\t\t<\/div>\n\t\t\t\t<div class=\"elementor-element elementor-element-826d0f8 elementor-widget elementor-widget-menu-anchor\" data-id=\"826d0f8\" data-element_type=\"widget\" data-e-type=\"widget\" data-widget_type=\"menu-anchor.default\">\n\t\t\t\t<div class=\"elementor-widget-container\">\n\t\t\t\t\t\t\t<div class=\"elementor-menu-anchor\" id=\"freepass\"><\/div>\n\t\t\t\t\t\t<\/div>\n\t\t\t\t<\/div>\n\t\t\t\t<div class=\"elementor-element elementor-element-7322003 elementor-widget elementor-widget-heading\" data-id=\"7322003\" data-element_type=\"widget\" data-e-type=\"widget\" data-widget_type=\"heading.default\">\n\t\t\t\t<div class=\"elementor-widget-container\">\n\t\t\t\t\t<h2 class=\"elementor-heading-title elementor-size-default\"><h2 class=\"elementor-heading-title elementor-size-default elementor-inline-editing pen\" data-elementor-setting-key=\"title\" data-pen-placeholder=\"Digite aqui...\"><span style=\"color: #3D3D3D\">Freepass<\/span><span style=\"color: #ffffff\"><\/h2><\/h2>\t\t\t\t<\/div>\n\t\t\t\t<\/div>\n\t\t\t\t<div class=\"elementor-element elementor-element-020d3c1 elementor-widget elementor-widget-heading\" data-id=\"020d3c1\" data-element_type=\"widget\" data-e-type=\"widget\" data-widget_type=\"heading.default\">\n\t\t\t\t<div class=\"elementor-widget-container\">\n\t\t\t\t\t<h2 class=\"elementor-heading-title elementor-size-default\">Conhe\u00e7a 3 modalidades<\/h2>\t\t\t\t<\/div>\n\t\t\t\t<\/div>\n\t\t\t\t<div class=\"elementor-element elementor-element-4d92318 elementor-widget elementor-widget-text-editor\" data-id=\"4d92318\" data-element_type=\"widget\" data-e-type=\"widget\" data-widget_type=\"text-editor.default\">\n\t\t\t\t<div class=\"elementor-widget-container\">\n\t\t\t\t\t\t\t\t\t<p style=\"text-align: center;\">Cadastre-se e venha conhecer nossas aulas, espa\u00e7os, metodologia e profissionais.\u00a0\u00a0<\/p>\t\t\t\t\t\t\t\t<\/div>\n\t\t\t\t<\/div>\n\t\t\t\t<div class=\"elementor-element elementor-element-f54ed77 elementor-widget elementor-widget-html\" data-id=\"f54ed77\" data-element_type=\"widget\" data-e-type=\"widget\" data-widget_type=\"html.default\">\n\t\t\t\t<div class=\"elementor-widget-container\">\n\t\t\t\t\t<iframe\n  src=\"https:\/\/api.leadconnectorhq.com\/widget\/form\/CWKm0aKxuQ7zArjumisr\"\n  style=\"width:100%;height:100%;border:none;border-radius:4px\"\n  id=\"inline-CWKm0aKxuQ7zArjumisr\" \n  data-layout=\"{'id':'INLINE'}\"\n  data-trigger-type=\"alwaysShow\"\n  data-trigger-value=\"\"\n  data-activation-type=\"alwaysActivated\"\n  data-activation-value=\"\"\n  data-deactivation-type=\"neverDeactivate\"\n  data-deactivation-value=\"\"\n  data-form-name=\"Formul\u00e1rio (Site) Medley\"\n  data-height=\"1082\"\n  data-layout-iframe-id=\"inline-CWKm0aKxuQ7zArjumisr\"\n  data-form-id=\"CWKm0aKxuQ7zArjumisr\"\n  title=\"Formul\u00e1rio (Site) Medley\"\n      >\n<\/iframe>\n<script src=\"https:\/\/link.msgsndr.com\/js\/form_embed.js\"><\/script>\t\t\t\t<\/div>\n\t\t\t\t<\/div>\n\t\t\t\t\t<\/div>\n\t\t\t\t<\/div>\n\t\t\t\t<\/div>\n\t\t","protected":false},"excerpt":{"rendered":"<p>Hidrogin\u00e1stica hIDROGIn\u00e1stica Hidrogin\u00e1stica na Medley Sports: Sa\u00fade, Energia e Bem-Estar A hidrogin\u00e1stica na Medley Sports \u00e9 uma atividade completa e acess\u00edvel para homens e mulheres de todas as idades, proporcionando um treino din\u00e2mico, seguro e de baixo impacto. Com uma equipe especializada e uma metodologia moderna, nossas aulas s\u00e3o ideais tanto para quem busca melhorar [&hellip;]<\/p>\n","protected":false},"author":1,"featured_media":0,"parent":0,"menu_order":0,"comment_status":"closed","ping_status":"closed","template":"elementor_header_footer","meta":{"footnotes":""},"class_list":["post-455","page","type-page","status-publish","hentry"],"_links":{"self":[{"href":"https:\/\/medleyrp.com.br\/index.php\/wp-json\/wp\/v2\/pages\/455","targetHints":{"allow":["GET"]}}],"collection":[{"href":"https:\/\/medleyrp.com.br\/index.php\/wp-json\/wp\/v2\/pages"}],"about":[{"href":"https:\/\/medleyrp.com.br\/index.php\/wp-json\/wp\/v2\/types\/page"}],"author":[{"embeddable":true,"href":"https:\/\/medleyrp.com.br\/index.php\/wp-json\/wp\/v2\/users\/1"}],"replies":[{"embeddable":true,"href":"https:\/\/medleyrp.com.br\/index.php\/wp-json\/wp\/v2\/comments?post=455"}],"version-history":[{"count":0,"href":"https:\/\/medleyrp.com.br\/index.php\/wp-json\/wp\/v2\/pages\/455\/revisions"}],"wp:attachment":[{"href":"https:\/\/medleyrp.com.br\/index.php\/wp-json\/wp\/v2\/media?parent=455"}],"curies":[{"name":"wp","href":"https:\/\/api.w.org\/{rel}","templated":true}]}}