{"id":429,"date":"2025-02-04T16:06:50","date_gmt":"2025-02-04T16:06:50","guid":{"rendered":"https:\/\/medleyrp.com.br\/?page_id=429"},"modified":"2025-03-25T15:03:56","modified_gmt":"2025-03-25T15:03:56","slug":"natacao-adulto","status":"publish","type":"page","link":"https:\/\/medleyrp.com.br\/index.php\/natacao-adulto\/","title":{"rendered":"nata\u00e7\u00e3o-adulto"},"content":{"rendered":"\t\t<div data-elementor-type=\"wp-page\" data-elementor-id=\"429\" class=\"elementor elementor-429\">\n\t\t\t\t<div class=\"elementor-element elementor-element-863ee73 e-con-full e-flex e-con e-parent\" data-id=\"863ee73\" data-element_type=\"container\" data-e-type=\"container\">\n\t\t\t\t<div class=\"elementor-element elementor-element-73a9a48 elementor-widget__width-inherit elementor-widget elementor-widget-prime-slider-general\" data-id=\"73a9a48\" data-element_type=\"widget\" data-e-type=\"widget\" data-widget_type=\"prime-slider-general.crelly\">\n\t\t\t\t<div class=\"elementor-widget-container\">\n\t\t\t\t\t\t\t<div class=\"bdt-prime-slider\">\n\t\t\t<div class=\"bdt-prime-slider-skin-crelly\">\n\t\t\t\t<div class=\"bdt-position-relative bdt-visible-toggle\" bdt-slideshow=\"{&quot;animation&quot;:&quot;fade&quot;,&quot;ratio&quot;:&quot;16:9&quot;,&quot;min-height&quot;:480,&quot;autoplay&quot;:true,&quot;autoplay-interval&quot;:7000,&quot;pause-on-hover&quot;:false,&quot;draggable&quot;:true,&quot;velocity&quot;:1,&quot;finite&quot;:false}\" data-settings=\"{&quot;id&quot;:&quot;#bdt-73a9a48&quot;,&quot;animation_status&quot;:&quot;no&quot;}\" id=\"bdt-73a9a48\">\n\t\t\t\t\t<ul class=\"bdt-slideshow-items\">\n\t\t\t\t\t\t                    \n            <li class=\"bdt-slideshow-item bdt-flex bdt-flex-middle bdt-flex-center elementor-repeater-item-8de3d30\">\n                \n                                            \n\t\t<div class=\"bdt-ps-slide-img\" style=\"background-image: url('https:\/\/medleyrp.com.br\/wp-content\/uploads\/2025\/02\/Adulto.png')\"><\/div>\n\n\t\t                    \n                \n                \n                \n        <div class=\"bdt-prime-slider-wrapper\">\n            <div class=\"bdt-prime-slider-content\">\n\n                <div class=\"bdt-prime-slider-desc\">\n\n                    \n                                            <div class=\"bdt-main-title bdt-text-left\"  data-bdt-slideshow-parallax=\"x: 500,0,-100; opacity: 1,1,0\" data-reveal=\"reveal-active\">\n                            <h1 class=\"bdt-title-tag\">\n                                                                    Nata\u00e7\u00e3o Adultos                                                            <\/h1>\n                        <\/div>\n                                        \n                <\/div>\n                            \n            <\/div>\n                    <\/div>\n                    <\/li>\n\n                \n            <\/ul>\n                \n                \n            \n                        \n            \n                <ul class=\"bdt-slideshow-nav bdt-dotnav bdt-dotnav-vertical bdt-position-center-left reveal-muted\"><\/ul>\n\n            \n        \n                <\/div>\n                \n                \n\t\t<div class=\"bdt-prime-slider-social-icon reveal-muted bdt-flex bdt-flex-middle bdt-margin-large-bottom bdt-position-bottom-right\">\n\n\t\t\t\t\t\t\t\t\t\t\n\t\t\t                <a class=\"bdt-social-animate\" href=\"https:\/\/www.facebook.com\/medley.ehidro\/\" data-bdt-tooltip=\"title: Facebook; pos: top\">\n                    <svg aria-hidden=\"true\" class=\"fa-fw e-font-icon-svg e-fab-facebook-f\" viewBox=\"0 0 320 512\" xmlns=\"http:\/\/www.w3.org\/2000\/svg\"><path d=\"M279.14 288l14.22-92.66h-88.91v-60.13c0-25.35 12.42-50.06 52.24-50.06h40.42V6.26S260.43 0 225.36 0c-73.22 0-121.08 44.38-121.08 124.72v70.62H22.89V288h81.39v224h100.17V288z\"><\/path><\/svg>                <\/a>\n                            <a class=\"bdt-social-animate\" href=\"https:\/\/www.instagram.com\/medleysports\/\" data-bdt-tooltip=\"title: Instagram; pos: top\">\n                    <svg aria-hidden=\"true\" class=\"fa-fw e-font-icon-svg e-fab-instagram\" viewBox=\"0 0 448 512\" xmlns=\"http:\/\/www.w3.org\/2000\/svg\"><path d=\"M224.1 141c-63.6 0-114.9 51.3-114.9 114.9s51.3 114.9 114.9 114.9S339 319.5 339 255.9 287.7 141 224.1 141zm0 189.6c-41.1 0-74.7-33.5-74.7-74.7s33.5-74.7 74.7-74.7 74.7 33.5 74.7 74.7-33.6 74.7-74.7 74.7zm146.4-194.3c0 14.9-12 26.8-26.8 26.8-14.9 0-26.8-12-26.8-26.8s12-26.8 26.8-26.8 26.8 12 26.8 26.8zm76.1 27.2c-1.7-35.9-9.9-67.7-36.2-93.9-26.2-26.2-58-34.4-93.9-36.2-37-2.1-147.9-2.1-184.9 0-35.8 1.7-67.6 9.9-93.9 36.1s-34.4 58-36.2 93.9c-2.1 37-2.1 147.9 0 184.9 1.7 35.9 9.9 67.7 36.2 93.9s58 34.4 93.9 36.2c37 2.1 147.9 2.1 184.9 0 35.9-1.7 67.7-9.9 93.9-36.2 26.2-26.2 34.4-58 36.2-93.9 2.1-37 2.1-147.8 0-184.8zM398.8 388c-7.8 19.6-22.9 34.7-42.6 42.6-29.5 11.7-99.5 9-132.1 9s-102.7 2.6-132.1-9c-19.6-7.8-34.7-22.9-42.6-42.6-11.7-29.5-9-99.5-9-132.1s-2.6-102.7 9-132.1c7.8-19.6 22.9-34.7 42.6-42.6 29.5-11.7 99.5-9 132.1-9s102.7-2.6 132.1 9c19.6 7.8 34.7 22.9 42.6 42.6 11.7 29.5 9 99.5 9 132.1s2.7 102.7-9 132.1z\"><\/path><\/svg>                <\/a>\n                            <a class=\"bdt-social-animate\" href=\"https:\/\/www.youtube.com\/channel\/UCLmWcIBj7nXydLeltIrg5ow\" data-bdt-tooltip=\"title: Youtube; pos: top\">\n                    <svg aria-hidden=\"true\" class=\"fa-fw e-font-icon-svg e-fab-facebook-f\" viewBox=\"0 0 320 512\" xmlns=\"http:\/\/www.w3.org\/2000\/svg\"><path d=\"M279.14 288l14.22-92.66h-88.91v-60.13c0-25.35 12.42-50.06 52.24-50.06h40.42V6.26S260.43 0 225.36 0c-73.22 0-121.08 44.38-121.08 124.72v70.62H22.89V288h81.39v224h100.17V288z\"><\/path><\/svg>                <\/a>\n            \t\t<\/div>\n\n\t\t            <\/div>\n        <\/div>\n        \t\t\t\t<\/div>\n\t\t\t\t<\/div>\n\t\t\t\t<\/div>\n\t\t<div class=\"elementor-element elementor-element-a73a2fc e-flex e-con-boxed e-con e-parent\" data-id=\"a73a2fc\" data-element_type=\"container\" data-e-type=\"container\" data-settings=\"{&quot;background_background&quot;:&quot;classic&quot;}\">\n\t\t\t\t\t<div class=\"e-con-inner\">\n\t\t<div class=\"elementor-element elementor-element-bfbd831 e-con-full e-flex e-con e-child\" data-id=\"bfbd831\" data-element_type=\"container\" data-e-type=\"container\">\n\t\t\t\t<div class=\"elementor-element elementor-element-19c8e10 elementor-widget elementor-widget-spacer\" data-id=\"19c8e10\" data-element_type=\"widget\" data-e-type=\"widget\" data-widget_type=\"spacer.default\">\n\t\t\t\t<div class=\"elementor-widget-container\">\n\t\t\t\t\t\t\t<div class=\"elementor-spacer\">\n\t\t\t<div class=\"elementor-spacer-inner\"><\/div>\n\t\t<\/div>\n\t\t\t\t\t\t<\/div>\n\t\t\t\t<\/div>\n\t\t\t\t<div class=\"elementor-element elementor-element-44baafb elementor-widget elementor-widget-heading\" data-id=\"44baafb\" data-element_type=\"widget\" data-e-type=\"widget\" data-widget_type=\"heading.default\">\n\t\t\t\t<div class=\"elementor-widget-container\">\n\t\t\t\t\t<h2 class=\"elementor-heading-title elementor-size-default\">NATA\u00c7\u00c3O PARA ADULTOS<\/h2>\t\t\t\t<\/div>\n\t\t\t\t<\/div>\n\t\t<div class=\"elementor-element elementor-element-f586e28 e-con-full e-flex e-con e-child\" data-id=\"f586e28\" data-element_type=\"container\" data-e-type=\"container\">\n\t\t\t\t<div class=\"elementor-element elementor-element-6968512 elementor-widget elementor-widget-text-editor\" data-id=\"6968512\" data-element_type=\"widget\" data-e-type=\"widget\" data-widget_type=\"text-editor.default\">\n\t\t\t\t<div class=\"elementor-widget-container\">\n\t\t\t\t\t\t\t\t\t<div class=\"page\" title=\"Page 2\"><div class=\"layoutArea\"><div class=\"column\"><p>Um ambiente moderno e acolhedor, projetado para oferecer a melhor experie\u0302ncia em natac\u0327a\u0303o. Contamos com vestia\u0301rios e chuveiros exclusivos para adultos, uma piscina aquecida, coberta e com tratamento de ozo\u0302nio, garantindo conforto e seguranc\u0327a em qualquer e\u0301poca do ano. Ale\u0301m disso,<\/p><p>oferecemos estacionamento pro\u0301prio, turmas reduzidas, atendimento personalizado e uma equipe de profissionais altamente qualificados para proporcionar um aprendizado eficiente e prazeroso.<\/p><\/div><\/div><\/div>\t\t\t\t\t\t\t\t<\/div>\n\t\t\t\t<\/div>\n\t\t\t\t<div class=\"elementor-element elementor-element-0936245 elementor-widget elementor-widget-heading\" data-id=\"0936245\" data-element_type=\"widget\" data-e-type=\"widget\" data-widget_type=\"heading.default\">\n\t\t\t\t<div class=\"elementor-widget-container\">\n\t\t\t\t\t<h2 class=\"elementor-heading-title elementor-size-default\">Agende uma aula experimental e venha conhecer!<\/h2>\t\t\t\t<\/div>\n\t\t\t\t<\/div>\n\t\t\t\t<\/div>\n\t\t\t\t<div class=\"elementor-element elementor-element-b4b7224 elementor-align-center elementor-widget elementor-widget-button\" data-id=\"b4b7224\" data-element_type=\"widget\" data-e-type=\"widget\" data-widget_type=\"button.default\">\n\t\t\t\t<div class=\"elementor-widget-container\">\n\t\t\t\t\t\t\t\t\t<div class=\"elementor-button-wrapper\">\n\t\t\t\t\t<a class=\"elementor-button elementor-button-link elementor-size-sm\" href=\"#freepass\">\n\t\t\t\t\t\t<span class=\"elementor-button-content-wrapper\">\n\t\t\t\t\t\t\t\t\t<span class=\"elementor-button-text\">AGENDAR!<\/span>\n\t\t\t\t\t<\/span>\n\t\t\t\t\t<\/a>\n\t\t\t\t<\/div>\n\t\t\t\t\t\t\t\t<\/div>\n\t\t\t\t<\/div>\n\t\t\t\t<\/div>\n\t\t\t\t\t<\/div>\n\t\t\t\t<\/div>\n\t\t<div class=\"elementor-element elementor-element-3ca1140 e-flex e-con-boxed e-con e-parent\" data-id=\"3ca1140\" data-element_type=\"container\" data-e-type=\"container\" data-settings=\"{&quot;background_background&quot;:&quot;classic&quot;}\">\n\t\t\t\t\t<div class=\"e-con-inner\">\n\t\t\t\t<div class=\"elementor-element elementor-element-a941e05 elementor-widget elementor-widget-spacer\" data-id=\"a941e05\" data-element_type=\"widget\" data-e-type=\"widget\" data-widget_type=\"spacer.default\">\n\t\t\t\t<div class=\"elementor-widget-container\">\n\t\t\t\t\t\t\t<div class=\"elementor-spacer\">\n\t\t\t<div class=\"elementor-spacer-inner\"><\/div>\n\t\t<\/div>\n\t\t\t\t\t\t<\/div>\n\t\t\t\t<\/div>\n\t\t\t\t<div class=\"elementor-element elementor-element-b8e3dd7 elementor-widget elementor-widget-heading\" data-id=\"b8e3dd7\" data-element_type=\"widget\" data-e-type=\"widget\" data-widget_type=\"heading.default\">\n\t\t\t\t<div class=\"elementor-widget-container\">\n\t\t\t\t\t<h2 class=\"elementor-heading-title elementor-size-default\"><h2 class=\"elementor-heading-title elementor-size-default elementor-inline-editing pen\" data-elementor-setting-key=\"title\" data-pen-placeholder=\"Digite aqui...\"><span style=\"color: #3D3D3D\">Programas <\/span> Especiais<\/h2><\/h2>\t\t\t\t<\/div>\n\t\t\t\t<\/div>\n\t\t\t\t<div class=\"elementor-element elementor-element-04ed286 elementor-widget elementor-widget-spacer\" data-id=\"04ed286\" data-element_type=\"widget\" data-e-type=\"widget\" data-widget_type=\"spacer.default\">\n\t\t\t\t<div class=\"elementor-widget-container\">\n\t\t\t\t\t\t\t<div class=\"elementor-spacer\">\n\t\t\t<div class=\"elementor-spacer-inner\"><\/div>\n\t\t<\/div>\n\t\t\t\t\t\t<\/div>\n\t\t\t\t<\/div>\n\t\t\t\t\t<\/div>\n\t\t\t\t<\/div>\n\t\t<div class=\"elementor-element elementor-element-d6fc42a e-flex e-con-boxed e-con e-parent\" data-id=\"d6fc42a\" data-element_type=\"container\" data-e-type=\"container\">\n\t\t\t\t\t<div class=\"e-con-inner\">\n\t\t<div class=\"elementor-element elementor-element-da4f631 e-con-full e-flex e-con e-child\" data-id=\"da4f631\" data-element_type=\"container\" data-e-type=\"container\">\n\t\t\t\t<div class=\"elementor-element elementor-element-c76311c elementor-widget elementor-widget-heading\" data-id=\"c76311c\" data-element_type=\"widget\" data-e-type=\"widget\" data-widget_type=\"heading.default\">\n\t\t\t\t<div class=\"elementor-widget-container\">\n\t\t\t\t\t<h2 class=\"elementor-heading-title elementor-size-default\">Aprenda a nadar em at\u00e9 8 aulas<\/h2>\t\t\t\t<\/div>\n\t\t\t\t<\/div>\n\t\t\t\t<div class=\"elementor-element elementor-element-0d3f2fb elementor-widget elementor-widget-text-editor\" data-id=\"0d3f2fb\" data-element_type=\"widget\" data-e-type=\"widget\" data-widget_type=\"text-editor.default\">\n\t\t\t\t<div class=\"elementor-widget-container\">\n\t\t\t\t\t\t\t\t\t<div class=\"page\" title=\"Page 2\"><div class=\"layoutArea\"><div class=\"column\"><p>Para voce\u0302 que sempre quis aprender a nadar, mas acha que ja\u0301 passou do tempo. Sente-se inseguro em ambientes aqua\u0301ticos ou deixa de aproveitar na totalidade e diversa\u0303o os passeios com amigos e fami\u0301lia por ainda na\u0303o ter aprendido essa modalidade incri\u0301vel. <strong>Chegou a sua oportunidade!<\/strong><\/p><p>Com 29 anos de experie\u0302ncia no ensino da natac\u0327a\u0303o para crianc\u0327as e adultos, a Medley Sports desenvolveu um me\u0301todo exclusivo para voce\u0302 perder o medo e conquistar sua independe\u0302ncia na a\u0301gua em apenas 8 aulas.<\/p><p><strong>Por que aprender a nadar e\u0301 essencial?<\/strong><br \/>Prevenc\u0327a\u0303o e seguranc\u0327a \u2013 Saber nadar reduz os riscos de afogamento e<\/p><p>proporciona mais tranquilidade em qualquer ambiente aqua\u0301tico.<\/p><p><strong>Aproveite suas fe\u0301rias e passeios \u2013 Curta praias, piscinas e passeios de barco em momentos com sua fami\u0301lia e amigos.<\/strong><\/p><\/div><\/div><\/div>\t\t\t\t\t\t\t\t<\/div>\n\t\t\t\t<\/div>\n\t\t\t\t<\/div>\n\t\t<div class=\"elementor-element elementor-element-10329b6 e-con-full e-flex e-con e-child\" data-id=\"10329b6\" data-element_type=\"container\" data-e-type=\"container\">\n\t\t\t\t<div class=\"elementor-element elementor-element-a22a8b5 elementor-widget elementor-widget-heading\" data-id=\"a22a8b5\" data-element_type=\"widget\" data-e-type=\"widget\" data-widget_type=\"heading.default\">\n\t\t\t\t<div class=\"elementor-widget-container\">\n\t\t\t\t\t<h2 class=\"elementor-heading-title elementor-size-default\">EMAGRESIM: Programa de Emagrecimento<\/h2>\t\t\t\t<\/div>\n\t\t\t\t<\/div>\n\t\t\t\t<div class=\"elementor-element elementor-element-231142f elementor-widget elementor-widget-text-editor\" data-id=\"231142f\" data-element_type=\"widget\" data-e-type=\"widget\" data-widget_type=\"text-editor.default\">\n\t\t\t\t<div class=\"elementor-widget-container\">\n\t\t\t\t\t\t\t\t\t<div class=\"page\" title=\"Page 3\"><div class=\"layoutArea\"><div class=\"column\"><p><strong>Emagrec\u0327a com Sau\u0301de,<\/strong> se voce\u0302 busca uma forma eficiente e segura para emagrecer, a Medley Sports tem a soluc\u0327a\u0303o ideal! Nosso <strong>Programa de Emagrecimento<\/strong> combina os benefi\u0301cios de um <strong>treino completo, dina\u0302mico e de baixo impacto.<\/strong><\/p><p>Com nossa metodologia exclusiva, voce\u0302 tera\u0301 acesso a um plano estruturado que inclui:<\/p><p>Gesta\u0303o de resultados \u2013 Acompanhamento conti\u0301nuo da sua evoluc\u0327a\u0303o. Acompanhamento psicolo\u0301gico \u2013 Motivac\u0327a\u0303o e suporte para manter o foco e<\/p><p>a disciplina.<\/p><p><strong>Equipe multidisciplinar \u2013 Professores especializados, psico\u0301logos e nutricionistas ao seu lado.<\/strong><\/p><p><strong>Programa nutricional<\/strong> \u2013 Alimentac\u0327a\u0303o alinhada ao seu objetivo para potencializar os resultados.<\/p><\/div><\/div><\/div>\t\t\t\t\t\t\t\t<\/div>\n\t\t\t\t<\/div>\n\t\t\t\t<\/div>\n\t\t\t\t\t<\/div>\n\t\t\t\t<\/div>\n\t\t<div class=\"elementor-element elementor-element-85651a5 e-flex e-con-boxed e-con e-parent\" data-id=\"85651a5\" data-element_type=\"container\" data-e-type=\"container\" data-settings=\"{&quot;background_background&quot;:&quot;classic&quot;}\">\n\t\t\t\t\t<div class=\"e-con-inner\">\n\t\t\t\t<div class=\"elementor-element elementor-element-8fba373 elementor-widget elementor-widget-spacer\" data-id=\"8fba373\" data-element_type=\"widget\" data-e-type=\"widget\" data-widget_type=\"spacer.default\">\n\t\t\t\t<div class=\"elementor-widget-container\">\n\t\t\t\t\t\t\t<div class=\"elementor-spacer\">\n\t\t\t<div class=\"elementor-spacer-inner\"><\/div>\n\t\t<\/div>\n\t\t\t\t\t\t<\/div>\n\t\t\t\t<\/div>\n\t\t\t\t<div class=\"elementor-element elementor-element-826d0f8 elementor-widget elementor-widget-menu-anchor\" data-id=\"826d0f8\" data-element_type=\"widget\" data-e-type=\"widget\" data-widget_type=\"menu-anchor.default\">\n\t\t\t\t<div class=\"elementor-widget-container\">\n\t\t\t\t\t\t\t<div class=\"elementor-menu-anchor\" id=\"freepass\"><\/div>\n\t\t\t\t\t\t<\/div>\n\t\t\t\t<\/div>\n\t\t\t\t<div class=\"elementor-element elementor-element-7322003 elementor-widget elementor-widget-heading\" data-id=\"7322003\" data-element_type=\"widget\" data-e-type=\"widget\" data-widget_type=\"heading.default\">\n\t\t\t\t<div class=\"elementor-widget-container\">\n\t\t\t\t\t<h2 class=\"elementor-heading-title elementor-size-default\"><h2 class=\"elementor-heading-title elementor-size-default elementor-inline-editing pen\" data-elementor-setting-key=\"title\" data-pen-placeholder=\"Digite aqui...\"><span style=\"color: #3D3D3D\">Freepass<\/span><span style=\"color: #ffffff\"><\/h2><\/h2>\t\t\t\t<\/div>\n\t\t\t\t<\/div>\n\t\t\t\t<div class=\"elementor-element elementor-element-020d3c1 elementor-widget elementor-widget-heading\" data-id=\"020d3c1\" data-element_type=\"widget\" data-e-type=\"widget\" data-widget_type=\"heading.default\">\n\t\t\t\t<div class=\"elementor-widget-container\">\n\t\t\t\t\t<h2 class=\"elementor-heading-title elementor-size-default\">Conhe\u00e7a 3 modalidades<\/h2>\t\t\t\t<\/div>\n\t\t\t\t<\/div>\n\t\t\t\t<div class=\"elementor-element elementor-element-4d92318 elementor-widget elementor-widget-text-editor\" data-id=\"4d92318\" data-element_type=\"widget\" data-e-type=\"widget\" data-widget_type=\"text-editor.default\">\n\t\t\t\t<div class=\"elementor-widget-container\">\n\t\t\t\t\t\t\t\t\t<p style=\"text-align: center;\">Cadastre-se e venha conhecer nossas aulas, espa\u00e7os, metodologia e profissionais.\u00a0\u00a0<\/p>\t\t\t\t\t\t\t\t<\/div>\n\t\t\t\t<\/div>\n\t\t\t\t<div class=\"elementor-element elementor-element-f54ed77 elementor-widget elementor-widget-html\" data-id=\"f54ed77\" data-element_type=\"widget\" data-e-type=\"widget\" data-widget_type=\"html.default\">\n\t\t\t\t<div class=\"elementor-widget-container\">\n\t\t\t\t\t<iframe\n  src=\"https:\/\/api.leadconnectorhq.com\/widget\/form\/CWKm0aKxuQ7zArjumisr\"\n  style=\"width:100%;height:100%;border:none;border-radius:4px\"\n  id=\"inline-CWKm0aKxuQ7zArjumisr\" \n  data-layout=\"{'id':'INLINE'}\"\n  data-trigger-type=\"alwaysShow\"\n  data-trigger-value=\"\"\n  data-activation-type=\"alwaysActivated\"\n  data-activation-value=\"\"\n  data-deactivation-type=\"neverDeactivate\"\n  data-deactivation-value=\"\"\n  data-form-name=\"Formul\u00e1rio (Site) Medley\"\n  data-height=\"1082\"\n  data-layout-iframe-id=\"inline-CWKm0aKxuQ7zArjumisr\"\n  data-form-id=\"CWKm0aKxuQ7zArjumisr\"\n  title=\"Formul\u00e1rio (Site) Medley\"\n      >\n<\/iframe>\n<script src=\"https:\/\/link.msgsndr.com\/js\/form_embed.js\"><\/script>\t\t\t\t<\/div>\n\t\t\t\t<\/div>\n\t\t\t\t\t<\/div>\n\t\t\t\t<\/div>\n\t\t\t\t<\/div>\n\t\t","protected":false},"excerpt":{"rendered":"<p>Nata\u00e7\u00e3o Adultos NATA\u00c7\u00c3O PARA ADULTOS Um ambiente moderno e acolhedor, projetado para oferecer a melhor experie\u0302ncia em natac\u0327a\u0303o. Contamos com vestia\u0301rios e chuveiros exclusivos para adultos, uma piscina aquecida, coberta e com tratamento de ozo\u0302nio, garantindo conforto e seguranc\u0327a em qualquer e\u0301poca do ano. Ale\u0301m disso, oferecemos estacionamento pro\u0301prio, turmas reduzidas, atendimento personalizado e uma [&hellip;]<\/p>\n","protected":false},"author":1,"featured_media":0,"parent":0,"menu_order":0,"comment_status":"closed","ping_status":"closed","template":"elementor_header_footer","meta":{"footnotes":""},"class_list":["post-429","page","type-page","status-publish","hentry"],"_links":{"self":[{"href":"https:\/\/medleyrp.com.br\/index.php\/wp-json\/wp\/v2\/pages\/429","targetHints":{"allow":["GET"]}}],"collection":[{"href":"https:\/\/medleyrp.com.br\/index.php\/wp-json\/wp\/v2\/pages"}],"about":[{"href":"https:\/\/medleyrp.com.br\/index.php\/wp-json\/wp\/v2\/types\/page"}],"author":[{"embeddable":true,"href":"https:\/\/medleyrp.com.br\/index.php\/wp-json\/wp\/v2\/users\/1"}],"replies":[{"embeddable":true,"href":"https:\/\/medleyrp.com.br\/index.php\/wp-json\/wp\/v2\/comments?post=429"}],"version-history":[{"count":0,"href":"https:\/\/medleyrp.com.br\/index.php\/wp-json\/wp\/v2\/pages\/429\/revisions"}],"wp:attachment":[{"href":"https:\/\/medleyrp.com.br\/index.php\/wp-json\/wp\/v2\/media?parent=429"}],"curies":[{"name":"wp","href":"https:\/\/api.w.org\/{rel}","templated":true}]}}